{"id":2563,"date":"2025-07-16T21:29:08","date_gmt":"2025-07-16T21:29:08","guid":{"rendered":"https:\/\/pawcahontas.org\/?page_id=2563"},"modified":"2025-11-27T13:28:32","modified_gmt":"2025-11-27T13:28:32","slug":"hunde","status":"publish","type":"page","link":"https:\/\/pawcahontas.org\/en\/hunde\/","title":{"rendered":"Dogs"},"content":{"rendered":"<div data-elementor-type=\"wp-page\" data-elementor-id=\"2563\" class=\"elementor elementor-2563\" data-elementor-post-type=\"page\">\n\t\t\t\t<div class=\"elementor-element elementor-element-f144217 e-flex e-con-boxed e-con e-parent\" data-id=\"f144217\" data-element_type=\"container\" data-settings=\"{&quot;shape_divider_top&quot;:&quot;wave-brush&quot;}\">\n\t\t\t\t\t<div class=\"e-con-inner\">\n\t\t\t\t<div class=\"elementor-shape elementor-shape-top\" aria-hidden=\"true\" data-negative=\"false\">\n\t\t\t<svg xmlns=\"http:\/\/www.w3.org\/2000\/svg\" viewbox=\"0 0 283.5 27.8\" preserveaspectratio=\"none\">\n\t<path class=\"elementor-shape-fill\" d=\"M283.5,9.7c0,0-7.3,4.3-14,4.6c-6.8,0.3-12.6,0-20.9-1.5c-11.3-2-33.1-10.1-44.7-5.7\ts-12.1,4.6-18,7.4c-6.6,3.2-20,9.6-36.6,9.3C131.6,23.5,99.5,7.2,86.3,8c-1.4,0.1-6.6,0.8-10.5,2c-3.8,1.2-9.4,3.8-17,4.7\tc-3.2,0.4-8.3,1.1-14.2,0.9c-1.5-0.1-6.3-0.4-12-1.6c-5.7-1.2-11-3.1-15.8-3.7C6.5,9.2,0,10.8,0,10.8V0h283.5V9.7z M260.8,11.3\tc-0.7-1-2-0.4-4.3-0.4c-2.3,0-6.1-1.2-5.8-1.1c0.3,0.1,3.1,1.5,6,1.9C259.7,12.2,261.4,12.3,260.8,11.3z M242.4,8.6\tc0,0-2.4-0.2-5.6-0.9c-3.2-0.8-10.3-2.8-15.1-3.5c-8.2-1.1-15.8,0-15.1,0.1c0.8,0.1,9.6-0.6,17.6,1.1c3.3,0.7,9.3,2.2,12.4,2.7\tC239.9,8.7,242.4,8.6,242.4,8.6z M185.2,8.5c1.7-0.7-13.3,4.7-18.5,6.1c-2.1,0.6-6.2,1.6-10,2c-3.9,0.4-8.9,0.4-8.8,0.5\tc0,0.2,5.8,0.8,11.2,0c5.4-0.8,5.2-1.1,7.6-1.6C170.5,14.7,183.5,9.2,185.2,8.5z M199.1,6.9c0.2,0-0.8-0.4-4.8,1.1\tc-4,1.5-6.7,3.5-6.9,3.7c-0.2,0.1,3.5-1.8,6.6-3C197,7.5,199,6.9,199.1,6.9z M283,6c-0.1,0.1-1.9,1.1-4.8,2.5s-6.9,2.8-6.7,2.7\tc0.2,0,3.5-0.6,7.4-2.5C282.8,6.8,283.1,5.9,283,6z M31.3,11.6c0.1-0.2-1.9-0.2-4.5-1.2s-5.4-1.6-7.8-2C15,7.6,7.3,8.5,7.7,8.6\tC8,8.7,15.9,8.3,20.2,9.3c2.2,0.5,2.4,0.5,5.7,1.6S31.2,11.9,31.3,11.6z M73,9.2c0.4-0.1,3.5-1.6,8.4-2.6c4.9-1.1,8.9-0.5,8.9-0.8\tc0-0.3-1-0.9-6.2-0.3S72.6,9.3,73,9.2z M71.6,6.7C71.8,6.8,75,5.4,77.3,5c2.3-0.3,1.9-0.5,1.9-0.6c0-0.1-1.1-0.2-2.7,0.2\tC74.8,5.1,71.4,6.6,71.6,6.7z M93.6,4.4c0.1,0.2,3.5,0.8,5.6,1.8c2.1,1,1.8,0.6,1.9,0.5c0.1-0.1-0.8-0.8-2.4-1.3\tC97.1,4.8,93.5,4.2,93.6,4.4z M65.4,11.1c-0.1,0.3,0.3,0.5,1.9-0.2s2.6-1.3,2.2-1.2s-0.9,0.4-2.5,0.8C65.3,10.9,65.5,10.8,65.4,11.1\tz M34.5,12.4c-0.2,0,2.1,0.8,3.3,0.9c1.2,0.1,2,0.1,2-0.2c0-0.3-0.1-0.5-1.6-0.4C36.6,12.8,34.7,12.4,34.5,12.4z M152.2,21.1\tc-0.1,0.1-2.4-0.3-7.5-0.3c-5,0-13.6-2.4-17.2-3.5c-3.6-1.1,10,3.9,16.5,4.1C150.5,21.6,152.3,21,152.2,21.1z\"\/>\n\t<path class=\"elementor-shape-fill\" d=\"M269.6,18c-0.1-0.1-4.6,0.3-7.2,0c-7.3-0.7-17-3.2-16.6-2.9c0.4,0.3,13.7,3.1,17,3.3\tC267.7,18.8,269.7,18,269.6,18z\"\/>\n\t<path class=\"elementor-shape-fill\" d=\"M227.4,9.8c-0.2-0.1-4.5-1-9.5-1.2c-5-0.2-12.7,0.6-12.3,0.5c0.3-0.1,5.9-1.8,13.3-1.2\tS227.6,9.9,227.4,9.8z\"\/>\n\t<path class=\"elementor-shape-fill\" d=\"M204.5,13.4c-0.1-0.1,2-1,3.2-1.1c1.2-0.1,2,0,2,0.3c0,0.3-0.1,0.5-1.6,0.4\tC206.4,12.9,204.6,13.5,204.5,13.4z\"\/>\n\t<path class=\"elementor-shape-fill\" d=\"M201,10.6c0-0.1-4.4,1.2-6.3,2.2c-1.9,0.9-6.2,3.1-6.1,3.1c0.1,0.1,4.2-1.6,6.3-2.6\tS201,10.7,201,10.6z\"\/>\n\t<path class=\"elementor-shape-fill\" d=\"M154.5,26.7c-0.1-0.1-4.6,0.3-7.2,0c-7.3-0.7-17-3.2-16.6-2.9c0.4,0.3,13.7,3.1,17,3.3\tC152.6,27.5,154.6,26.8,154.5,26.7z\"\/>\n\t<path class=\"elementor-shape-fill\" d=\"M41.9,19.3c0,0,1.2-0.3,2.9-0.1c1.7,0.2,5.8,0.9,8.2,0.7c4.2-0.4,7.4-2.7,7-2.6\tc-0.4,0-4.3,2.2-8.6,1.9c-1.8-0.1-5.1-0.5-6.7-0.4S41.9,19.3,41.9,19.3z\"\/>\n\t<path class=\"elementor-shape-fill\" d=\"M75.5,12.6c0.2,0.1,2-0.8,4.3-1.1c2.3-0.2,2.1-0.3,2.1-0.5c0-0.1-1.8-0.4-3.4,0\tC76.9,11.5,75.3,12.5,75.5,12.6z\"\/>\n\t<path class=\"elementor-shape-fill\" d=\"M15.6,13.2c0-0.1,4.3,0,6.7,0.5c2.4,0.5,5,1.9,5,2c0,0.1-2.7-0.8-5.1-1.4\tC19.9,13.7,15.7,13.3,15.6,13.2z\"\/>\n<\/svg>\t\t<\/div>\n\t\t\t\t\t<\/div>\n\t\t\t\t<\/div>\n\t\t<div class=\"elementor-element elementor-element-17aeeb6 e-flex e-con-boxed e-con e-parent\" data-id=\"17aeeb6\" data-element_type=\"container\">\n\t\t\t\t\t<div class=\"e-con-inner\">\n\t\t\t\t<div class=\"elementor-element elementor-element-d645ab8 elementor-widget elementor-widget-spacer\" data-id=\"d645ab8\" data-element_type=\"widget\" data-widget_type=\"spacer.default\">\n\t\t\t\t<div class=\"elementor-widget-container\">\n\t\t\t\t\t\t\t<div class=\"elementor-spacer\">\n\t\t\t<div class=\"elementor-spacer-inner\"><\/div>\n\t\t<\/div>\n\t\t\t\t\t\t<\/div>\n\t\t\t\t<\/div>\n\t\t<div class=\"elementor-element elementor-element-39037a55 e-con-full e-flex elementor-invisible e-con e-child\" data-id=\"39037a55\" data-element_type=\"container\" data-settings=\"{&quot;background_background&quot;:&quot;classic&quot;,&quot;animation&quot;:&quot;rubberBand&quot;}\">\n\t\t\t\t<div class=\"elementor-element elementor-element-2fddaede elementor-widget__width-initial elementor-widget elementor-widget-elementskit-heading\" data-id=\"2fddaede\" data-element_type=\"widget\" data-widget_type=\"elementskit-heading.default\">\n\t\t\t\t<div class=\"elementor-widget-container\">\n\t\t\t\t\t<div class=\"ekit-wid-con\" ><div class=\"ekit-heading elementskit-section-title-wraper text_left   ekit_heading_tablet-   ekit_heading_mobile-\">\t\t\t\t<div class='ekit-heading__description'>\n\t\t\t\t\t<p>We are a small, non-profit organization that only officially formed this year, consisting of four animal welfare activists who primarily provide direct, on-site assistance. Currently, we rely on the help of other organizations for rehoming and transporting animals and would be delighted to establish further connections to give our rescued animals the chance of finding loving forever homes.<\/p>\n\t\t\t\t<\/div>\n\t\t\t<\/div><\/div>\t\t\t\t<\/div>\n\t\t\t\t<\/div>\n\t\t\t\t<\/div>\n\t\t\t\t\t<\/div>\n\t\t\t\t<\/div>\n\t\t<div class=\"elementor-element elementor-element-2828adc e-flex e-con-boxed e-con e-parent\" data-id=\"2828adc\" data-element_type=\"container\">\n\t\t\t\t\t<div class=\"e-con-inner\">\n\t\t\t\t<div class=\"elementor-element elementor-element-16a8093 elementor-widget elementor-widget-shortcode\" data-id=\"16a8093\" data-element_type=\"widget\" data-widget_type=\"shortcode.default\">\n\t\t\t\t<div class=\"elementor-widget-container\">\n\t\t\t\t\t\t\t<div class=\"elementor-shortcode\"><div class=\"dog-card-grid\"><div class=\"dog-card\"><a href=\"https:\/\/pawcahontas.org\/en\/dogs\/coby\/\" class=\"dog-card-image\"><img fetchpriority=\"high\" decoding=\"async\" width=\"300\" height=\"300\" src=\"https:\/\/pawcahontas.org\/wp-content\/uploads\/2025\/11\/Screenshot_20251127-103835_WhatsApp-300x300.jpg\" class=\"dog-card-cover wp-post-image\" alt=\"\" srcset=\"https:\/\/pawcahontas.org\/wp-content\/uploads\/2025\/11\/Screenshot_20251127-103835_WhatsApp-300x300.jpg 300w, https:\/\/pawcahontas.org\/wp-content\/uploads\/2025\/11\/Screenshot_20251127-103835_WhatsApp-1024x1024.jpg 1024w, https:\/\/pawcahontas.org\/wp-content\/uploads\/2025\/11\/Screenshot_20251127-103835_WhatsApp-150x150.jpg 150w, https:\/\/pawcahontas.org\/wp-content\/uploads\/2025\/11\/Screenshot_20251127-103835_WhatsApp-768x768.jpg 768w\" sizes=\"(max-width: 300px) 100vw, 300px\" \/><\/a><div class=\"dog-card-content\"><h3><a href=\"https:\/\/pawcahontas.org\/en\/dogs\/coby\/\">Coby<\/a><\/h3><p class=\"dog-excerpt\">\ud83c\udf40 Coby &#8211; unser junger aber gro\u00dfer Schatz \ud83c\udf40 Schwarz, gr\u00f6\u00dfer werdend und ein R\u00fcde...<\/p><ul><li><strong>Rasse:<\/strong> Mix<\/li><li><strong>Farbe:<\/strong> Schwarz<\/li><li><strong>Gr\u00f6\u00dfe:<\/strong> Extra gro\u00df<\/li><li><strong>Altersgruppe:<\/strong> Welpe<\/li><li><strong>Geschlecht:<\/strong> M\u00e4nnlich<\/li><\/ul><\/div><\/div><div class=\"dog-card\"><a href=\"https:\/\/pawcahontas.org\/en\/dogs\/matteo\/\" class=\"dog-card-image\"><img decoding=\"async\" width=\"300\" height=\"300\" src=\"https:\/\/pawcahontas.org\/wp-content\/uploads\/2025\/11\/591329663_2622220534819866_27941926729835184_n-300x300.jpg\" class=\"dog-card-cover wp-post-image\" alt=\"\" srcset=\"https:\/\/pawcahontas.org\/wp-content\/uploads\/2025\/11\/591329663_2622220534819866_27941926729835184_n-300x300.jpg 300w, https:\/\/pawcahontas.org\/wp-content\/uploads\/2025\/11\/591329663_2622220534819866_27941926729835184_n-1024x1024.jpg 1024w, https:\/\/pawcahontas.org\/wp-content\/uploads\/2025\/11\/591329663_2622220534819866_27941926729835184_n-150x150.jpg 150w, https:\/\/pawcahontas.org\/wp-content\/uploads\/2025\/11\/591329663_2622220534819866_27941926729835184_n-768x768.jpg 768w\" sizes=\"(max-width: 300px) 100vw, 300px\" \/><\/a><div class=\"dog-card-content\"><h3><a href=\"https:\/\/pawcahontas.org\/en\/dogs\/matteo\/\">Matteo<\/a><\/h3><p class=\"dog-excerpt\">Wir haben Metteo zusammen mit seinem Bruder ganz allein auf einer Stra\u00dfe gefunden, wo sie...<\/p><ul><li><strong>Rasse:<\/strong> Dalmatian, Mix<\/li><li><strong>Farbe:<\/strong> Wei\u00df<\/li><li><strong>Gr\u00f6\u00dfe:<\/strong> Gro\u00df<\/li><li><strong>Altersgruppe:<\/strong> Junghund<\/li><li><strong>Geschlecht:<\/strong> M\u00e4nnlich<\/li><\/ul><\/div><\/div><div class=\"dog-card\"><a href=\"https:\/\/pawcahontas.org\/en\/dogs\/noah\/\" class=\"dog-card-image\"><img decoding=\"async\" width=\"300\" height=\"300\" src=\"https:\/\/pawcahontas.org\/wp-content\/uploads\/2025\/11\/589205793_1150663513862975_4951226969488613422_n-300x300.jpg\" class=\"dog-card-cover wp-post-image\" alt=\"\" srcset=\"https:\/\/pawcahontas.org\/wp-content\/uploads\/2025\/11\/589205793_1150663513862975_4951226969488613422_n-300x300.jpg 300w, https:\/\/pawcahontas.org\/wp-content\/uploads\/2025\/11\/589205793_1150663513862975_4951226969488613422_n-1024x1024.jpg 1024w, https:\/\/pawcahontas.org\/wp-content\/uploads\/2025\/11\/589205793_1150663513862975_4951226969488613422_n-150x150.jpg 150w, https:\/\/pawcahontas.org\/wp-content\/uploads\/2025\/11\/589205793_1150663513862975_4951226969488613422_n-768x768.jpg 768w\" sizes=\"(max-width: 300px) 100vw, 300px\" \/><\/a><div class=\"dog-card-content\"><h3><a href=\"https:\/\/pawcahontas.org\/en\/dogs\/noah\/\">Noah<\/a><\/h3><p class=\"dog-excerpt\">Wir haben Noah zusammen mit seinem Bruder ganz allein auf einer Stra\u00dfe gefunden, wo sie...<\/p><ul><li><strong>Rasse:<\/strong> Dalmatian, Mix<\/li><li><strong>Farbe:<\/strong> Schwarz<\/li><li><strong>Gr\u00f6\u00dfe:<\/strong> Gro\u00df<\/li><li><strong>Altersgruppe:<\/strong> Junghund<\/li><li><strong>Geschlecht:<\/strong> M\u00e4nnlich<\/li><\/ul><\/div><\/div><div class=\"dog-card\"><a href=\"https:\/\/pawcahontas.org\/en\/dogs\/ruby\/\" class=\"dog-card-image\"><img loading=\"lazy\" decoding=\"async\" width=\"300\" height=\"300\" src=\"https:\/\/pawcahontas.org\/wp-content\/uploads\/2025\/11\/IMG-382f982b8d3e9ffec4a698d61c1cd3ac-V-300x300.jpg\" class=\"dog-card-cover wp-post-image\" alt=\"\" srcset=\"https:\/\/pawcahontas.org\/wp-content\/uploads\/2025\/11\/IMG-382f982b8d3e9ffec4a698d61c1cd3ac-V-300x300.jpg 300w, https:\/\/pawcahontas.org\/wp-content\/uploads\/2025\/11\/IMG-382f982b8d3e9ffec4a698d61c1cd3ac-V-1024x1024.jpg 1024w, https:\/\/pawcahontas.org\/wp-content\/uploads\/2025\/11\/IMG-382f982b8d3e9ffec4a698d61c1cd3ac-V-150x150.jpg 150w, https:\/\/pawcahontas.org\/wp-content\/uploads\/2025\/11\/IMG-382f982b8d3e9ffec4a698d61c1cd3ac-V-768x768.jpg 768w\" sizes=\"(max-width: 300px) 100vw, 300px\" \/><\/a><div class=\"dog-card-content\"><h3><a href=\"https:\/\/pawcahontas.org\/en\/dogs\/ruby\/\">Ruby<\/a><\/h3><p class=\"dog-excerpt\">Ruby &#8211; unser stolzes M\u00e4dchen Wir haben Ruby zusammen mit ihren beiden Schwestern Mascha und...<\/p><ul><li><strong>Rasse:<\/strong> Mix<\/li><li><strong>Farbe:<\/strong> Beige<\/li><li><strong>Gr\u00f6\u00dfe:<\/strong> Mittelgro\u00dfer<\/li><li><strong>Altersgruppe:<\/strong> Junghund<\/li><li><strong>Geschlecht:<\/strong> Weiblich<\/li><\/ul><\/div><\/div><div class=\"dog-card\"><a href=\"https:\/\/pawcahontas.org\/en\/dogs\/mascha\/\" class=\"dog-card-image\"><img loading=\"lazy\" decoding=\"async\" width=\"300\" height=\"300\" src=\"https:\/\/pawcahontas.org\/wp-content\/uploads\/2025\/11\/IMG-8a6814ed1c5fb6a20b4afd0ccff491e6-V-300x300.jpg\" class=\"dog-card-cover wp-post-image\" alt=\"Masha\" srcset=\"https:\/\/pawcahontas.org\/wp-content\/uploads\/2025\/11\/IMG-8a6814ed1c5fb6a20b4afd0ccff491e6-V-300x300.jpg 300w, https:\/\/pawcahontas.org\/wp-content\/uploads\/2025\/11\/IMG-8a6814ed1c5fb6a20b4afd0ccff491e6-V-1024x1024.jpg 1024w, https:\/\/pawcahontas.org\/wp-content\/uploads\/2025\/11\/IMG-8a6814ed1c5fb6a20b4afd0ccff491e6-V-150x150.jpg 150w, https:\/\/pawcahontas.org\/wp-content\/uploads\/2025\/11\/IMG-8a6814ed1c5fb6a20b4afd0ccff491e6-V-768x768.jpg 768w\" sizes=\"(max-width: 300px) 100vw, 300px\" \/><\/a><div class=\"dog-card-content\"><h3><a href=\"https:\/\/pawcahontas.org\/en\/dogs\/mascha\/\">Mascha<\/a><\/h3><p class=\"dog-excerpt\">Wir haben Mascha zusammen mit ihren beiden Schwestern Ruby und Luna, im Alter von 3...<\/p><ul><li><strong>Rasse:<\/strong> Mix<\/li><li><strong>Farbe:<\/strong> Beige, Braun<\/li><li><strong>Gr\u00f6\u00dfe:<\/strong> Mittelgro\u00dfer<\/li><li><strong>Altersgruppe:<\/strong> Junghund<\/li><li><strong>Geschlecht:<\/strong> Weiblich<\/li><\/ul><\/div><\/div><div class=\"dog-card\"><a href=\"https:\/\/pawcahontas.org\/en\/dogs\/luna\/\" class=\"dog-card-image\"><img loading=\"lazy\" decoding=\"async\" width=\"300\" height=\"300\" src=\"https:\/\/pawcahontas.org\/wp-content\/uploads\/2025\/11\/IMG-033ace0391ba43c8b52981c5f5f9b5c2-V-300x300.jpg\" class=\"dog-card-cover wp-post-image\" alt=\"Luna\" srcset=\"https:\/\/pawcahontas.org\/wp-content\/uploads\/2025\/11\/IMG-033ace0391ba43c8b52981c5f5f9b5c2-V-300x300.jpg 300w, https:\/\/pawcahontas.org\/wp-content\/uploads\/2025\/11\/IMG-033ace0391ba43c8b52981c5f5f9b5c2-V-1024x1024.jpg 1024w, https:\/\/pawcahontas.org\/wp-content\/uploads\/2025\/11\/IMG-033ace0391ba43c8b52981c5f5f9b5c2-V-150x150.jpg 150w, https:\/\/pawcahontas.org\/wp-content\/uploads\/2025\/11\/IMG-033ace0391ba43c8b52981c5f5f9b5c2-V-768x768.jpg 768w\" sizes=\"(max-width: 300px) 100vw, 300px\" \/><\/a><div class=\"dog-card-content\"><h3><a href=\"https:\/\/pawcahontas.org\/en\/dogs\/luna\/\">Luna<\/a><\/h3><p class=\"dog-excerpt\">Wir haben Luna zusammen mit ihren beiden Schwestern Ruby und Mascha, im Alter von 3...<\/p><ul><li><strong>Rasse:<\/strong> Mix<\/li><li><strong>Farbe:<\/strong> Braun<\/li><li><strong>Gr\u00f6\u00dfe:<\/strong> Mittelgro\u00dfer<\/li><li><strong>Altersgruppe:<\/strong> Junghund<\/li><li><strong>Geschlecht:<\/strong> Weiblich<\/li><\/ul><\/div><\/div><\/div><\/div>\n\t\t\t\t\t\t<\/div>\n\t\t\t\t<\/div>\n\t\t\t\t\t<\/div>\n\t\t\t\t<\/div>\n\t\t\t\t<\/div>","protected":false},"excerpt":{"rendered":"<p>Wir sind ein kleiner, gemeinn\u00fctziger Verein der sich erst in diesem Jahr so offiziell zusammen gestellt hat, bestehend aus vier Tiersch\u00fctzerinnen, die vor allem vor Ort direkt helfen. Momentan sind wir f\u00fcr die Vermittlung und Ausreise auf die Hilfe von anderen Vereinen angewiesen und w\u00fcrden uns sehr freuen, weitere Verbindungen zu kn\u00fcpfen um unseren Sch\u00fctzlingen die M\u00f6glichkeit auf ein sch\u00f6nes [&hellip;]<\/p>","protected":false},"author":1,"featured_media":3186,"parent":0,"menu_order":0,"comment_status":"closed","ping_status":"closed","template":"elementor_header_footer","meta":{"_monsterinsights_skip_tracking":false,"_monsterinsights_sitenote_active":false,"_monsterinsights_sitenote_note":"","_monsterinsights_sitenote_category":0,"footnotes":""},"class_list":["post-2563","page","type-page","status-publish","has-post-thumbnail","hentry"],"aioseo_notices":[],"_links":{"self":[{"href":"https:\/\/pawcahontas.org\/en\/wp-json\/wp\/v2\/pages\/2563","targetHints":{"allow":["GET"]}}],"collection":[{"href":"https:\/\/pawcahontas.org\/en\/wp-json\/wp\/v2\/pages"}],"about":[{"href":"https:\/\/pawcahontas.org\/en\/wp-json\/wp\/v2\/types\/page"}],"author":[{"embeddable":true,"href":"https:\/\/pawcahontas.org\/en\/wp-json\/wp\/v2\/users\/1"}],"replies":[{"embeddable":true,"href":"https:\/\/pawcahontas.org\/en\/wp-json\/wp\/v2\/comments?post=2563"}],"version-history":[{"count":49,"href":"https:\/\/pawcahontas.org\/en\/wp-json\/wp\/v2\/pages\/2563\/revisions"}],"predecessor-version":[{"id":3494,"href":"https:\/\/pawcahontas.org\/en\/wp-json\/wp\/v2\/pages\/2563\/revisions\/3494"}],"wp:featuredmedia":[{"embeddable":true,"href":"https:\/\/pawcahontas.org\/en\/wp-json\/wp\/v2\/media\/3186"}],"wp:attachment":[{"href":"https:\/\/pawcahontas.org\/en\/wp-json\/wp\/v2\/media?parent=2563"}],"curies":[{"name":"wp","href":"https:\/\/api.w.org\/{rel}","templated":true}]}}