{"id":2920,"date":"2025-07-24T13:13:14","date_gmt":"2025-07-24T13:13:14","guid":{"rendered":"https:\/\/pawcahontas.org\/?page_id=2920"},"modified":"2025-11-27T11:17:19","modified_gmt":"2025-11-27T11:17:19","slug":"impressum","status":"publish","type":"page","link":"https:\/\/pawcahontas.org\/en\/impressum\/","title":{"rendered":"Impressum"},"content":{"rendered":"<div data-elementor-type=\"wp-page\" data-elementor-id=\"2920\" class=\"elementor elementor-2920\" data-elementor-post-type=\"page\">\n\t\t\t\t<div class=\"elementor-element elementor-element-44746c2 e-flex e-con-boxed e-con e-parent\" data-id=\"44746c2\" data-element_type=\"container\">\n\t\t\t\t\t<div class=\"e-con-inner\">\n\t\t\t\t<div class=\"elementor-element elementor-element-9c4c120 elementor-widget elementor-widget-text-editor\" data-id=\"9c4c120\" data-element_type=\"widget\" data-widget_type=\"text-editor.default\">\n\t\t\t\t<div class=\"elementor-widget-container\">\n\t\t\t\t\t\t\t\t\t<p style=\"font-weight: 400;\"><strong><em>Pawcahontas \u2013 Protectors of Dogs<\/em><\/strong><br \/><strong>H\u00f6nigtaler Stra\u00dfe 3\/3<\/strong><br \/><strong>8010 Kainbach bei Graz, \u00d6sterreich<\/strong><\/p><p style=\"font-weight: 400;\">E-Mail:\u00a0<a href=\"mailto:office@pawcahontas.org\">office@pawcahontas.org<\/a><br \/>Website:\u00a0<a href=\"https:\/\/pawcahontas.org\/en\/\">www.pawcahontas.org<\/a><\/p><p style=\"font-weight: 400;\">ZVR number: 1209804456<br \/>Headquarters: Kainbach near Graz<\/p><p style=\"font-weight: 400;\">Represented by Chairwoman: <strong>Mag. (FH) Sabiha Babic Cengic<\/strong> and founder <strong>Vanja Boltek, BA<\/strong><\/p><p style=\"font-weight: 400;\">Purpose: Non-profit animal welfare association for the rescue, care and rehoming of dogs in distress at home and abroad.<\/p><p style=\"font-weight: 400;\">European Commission's online dispute resolution (ODR) platform for consumers: <a class=\"x1i10hfl xjbqb8w x1ejq31n x18oe1m7 x1sy0etr xstzfhl x972fbf x10w94by x1qhh985 x14e42zd x9f619 x1ypdohk xt0psk2 x3ct3a4 xdj266r x14z9mp xat24cr x1lziwak xexx8yu xyri2b x18d9i69 x1c1uobl x16tdsg8 x1hl2dhg xggy1nq x1a2a7pz xkrqix3 x1sur9pj x1fey0fg x1s688f\" tabindex=\"0\" role=\"link\" href=\"https:\/\/ec.europa.eu\/consumers\/odr\/\" target=\"_blank\" rel=\"nofollow noopener noreferrer\">https:\/\/ec.europa.eu\/consumers\/odr\/<\/a>We are neither willing nor obligated to participate in dispute resolution proceedings before a consumer arbitration board.<\/p><p style=\"font-weight: 400;\"><strong><em><img decoding=\"async\" src=\"https:\/\/pawcahontas.org\/wp-content\/uploads\/2025\/07\/1-300x300.png\" alt=\"\" width=\"31\" height=\"31\" \/><\/em><\/strong>PAWCAHONTAS\u2013 Besch\u00fctzerinnen der Hunde &#8211;\u00a0 Verantwortlich f\u00fcr den Inhalt: Mag. (FH) Sabiha Babic Cengic (Nov 2025)<\/p>\t\t\t\t\t\t\t\t<\/div>\n\t\t\t\t<\/div>\n\t\t\t\t\t<\/div>\n\t\t\t\t<\/div>\n\t\t<div class=\"elementor-element elementor-element-f02057c e-flex e-con-boxed e-con e-parent\" data-id=\"f02057c\" data-element_type=\"container\">\n\t\t\t\t\t<div class=\"e-con-inner\">\n\t\t\t\t<div class=\"elementor-element elementor-element-aeda374 elementor-widget elementor-widget-button\" data-id=\"aeda374\" data-element_type=\"widget\" data-widget_type=\"button.default\">\n\t\t\t\t<div class=\"elementor-widget-container\">\n\t\t\t\t\t\t\t\t\t<div class=\"elementor-button-wrapper\">\n\t\t\t\t\t<a class=\"elementor-button elementor-button-link elementor-size-sm\" href=\"https:\/\/pawcahontas.org\/wp-content\/uploads\/2025\/07\/Datenschutzerklaerung_Pawcahontas_Juli_2025.pdf\">\n\t\t\t\t\t\t<span class=\"elementor-button-content-wrapper\">\n\t\t\t\t\t\t\t\t\t<span class=\"elementor-button-text\">Data Protection Regulation<\/span>\n\t\t\t\t\t<\/span>\n\t\t\t\t\t<\/a>\n\t\t\t\t<\/div>\n\t\t\t\t\t\t\t\t<\/div>\n\t\t\t\t<\/div>\n\t\t\t\t\t<\/div>\n\t\t\t\t<\/div>\n\t\t\t\t<\/div>","protected":false},"excerpt":{"rendered":"<p>Pawcahontas \u2013 Besch\u00fctzerinnen der HundeH\u00f6nigtaler Stra\u00dfe 3\/38010 Kainbach bei Graz, \u00d6sterreich E-Mail:\u00a0office@pawcahontas.orgWebsite:\u00a0www.pawcahontas.org ZVR-Zahl: 1209804456Sitz: Kainbach bei Graz Vertreten durch Obfrau: Mag. (FH) Sabiha Babic Cengic und Schriftf\u00fchrerin Vanja Boltek, BA Zweck: Gemeinn\u00fctziger Tierschutzverein zur Rettung, Versorgung und Vermittlung von notleidenden Hunden im In- und Ausland. Plattform der Europ\u00e4ischen Kommission zur Online-Streitbeilegung (OS) f\u00fcr Verbraucher: https:\/\/ec.europa.eu\/consumers\/odr\/. Wir sind nicht bereit und [&hellip;]<\/p>","protected":false},"author":1,"featured_media":0,"parent":0,"menu_order":0,"comment_status":"closed","ping_status":"closed","template":"","meta":{"_monsterinsights_skip_tracking":false,"_monsterinsights_sitenote_active":false,"_monsterinsights_sitenote_note":"","_monsterinsights_sitenote_category":0,"footnotes":""},"class_list":["post-2920","page","type-page","status-publish","hentry"],"aioseo_notices":[],"_links":{"self":[{"href":"https:\/\/pawcahontas.org\/en\/wp-json\/wp\/v2\/pages\/2920","targetHints":{"allow":["GET"]}}],"collection":[{"href":"https:\/\/pawcahontas.org\/en\/wp-json\/wp\/v2\/pages"}],"about":[{"href":"https:\/\/pawcahontas.org\/en\/wp-json\/wp\/v2\/types\/page"}],"author":[{"embeddable":true,"href":"https:\/\/pawcahontas.org\/en\/wp-json\/wp\/v2\/users\/1"}],"replies":[{"embeddable":true,"href":"https:\/\/pawcahontas.org\/en\/wp-json\/wp\/v2\/comments?post=2920"}],"version-history":[{"count":25,"href":"https:\/\/pawcahontas.org\/en\/wp-json\/wp\/v2\/pages\/2920\/revisions"}],"predecessor-version":[{"id":3443,"href":"https:\/\/pawcahontas.org\/en\/wp-json\/wp\/v2\/pages\/2920\/revisions\/3443"}],"wp:attachment":[{"href":"https:\/\/pawcahontas.org\/en\/wp-json\/wp\/v2\/media?parent=2920"}],"curies":[{"name":"wp","href":"https:\/\/api.w.org\/{rel}","templated":true}]}}